{"id":471,"date":"2022-05-24T10:24:30","date_gmt":"2022-05-24T16:24:30","guid":{"rendered":"https:\/\/kimeca.com.mx\/?page_id=471"},"modified":"2026-01-04T19:27:22","modified_gmt":"2026-01-05T01:27:22","slug":"kimeca-job","status":"publish","type":"page","link":"https:\/\/kimeca.com.mx\/index.php\/kimeca-job\/","title":{"rendered":"Careers"},"content":{"rendered":"<p>[et_pb_section fb_built=&#8221;1&#8243; admin_label=&#8221;Services&#8221; _builder_version=&#8221;4.21.0&#8243; _module_preset=&#8221;default&#8221; global_colors_info=&#8221;{}&#8221;][et_pb_row _builder_version=&#8221;4.16&#8243; _module_preset=&#8221;default&#8221; global_colors_info=&#8221;{}&#8221;][et_pb_column type=&#8221;4_4&#8243; _builder_version=&#8221;4.16&#8243; _module_preset=&#8221;default&#8221; global_colors_info=&#8221;{}&#8221;][et_pb_text _builder_version=&#8221;4.27.0&#8243; _module_preset=&#8221;e598b17a-9229-42f6-b238-019d6094332e&#8221; header_font=&#8221;Outfit|600|||||||&#8221; header_text_color=&#8221;#000000&#8243; header_font_size=&#8221;72px&#8221; header_line_height=&#8221;1.1em&#8221; max_width=&#8221;800px&#8221; custom_margin=&#8221;||0px||false|false&#8221; hover_enabled=&#8221;0&#8243; header_font_size_tablet=&#8221;40px&#8221; header_font_size_phone=&#8221;24px&#8221; header_font_size_last_edited=&#8221;on|phone&#8221; locked=&#8221;off&#8221; global_colors_info=&#8221;{}&#8221; sticky_enabled=&#8221;0&#8243;]At Kimeca.NET we believe in pushing the boundaries of engineering excellence. Our team of SIMULIA experts is dedicated to delivering innovative solutions tailored to your unique challenges. Whether you need advanced simulation capabilities or expert guidance on Dassault Syst\u00e8mes software, we are here to support your journey towards success. Explore our comprehensive range of services designed to enhance your design and manufacturing processes, ensuring you stay ahead in a competitive landscape. Let us partner with you to transform your ideas into reality and drive your projects forward with precision and efficiency.[\/et_pb_text][et_pb_divider color=&#8221;rgba(76,89,76,0.3)&#8221; divider_weight=&#8221;10px&#8221; _builder_version=&#8221;4.16&#8243; _module_preset=&#8221;a9fcc5b1-74c5-43b4-b776-3e310da5f3e8&#8243; z_index=&#8221;10&#8243; max_width=&#8221;260px&#8221; height=&#8221;10px&#8221; custom_margin=&#8221;-32px||30px||false|false&#8221; custom_margin_tablet=&#8221;-27px||||false|false&#8221; custom_margin_phone=&#8221;-18px||||false|false&#8221; custom_margin_last_edited=&#8221;on|phone&#8221; hover_enabled=&#8221;0&#8243; global_colors_info=&#8221;{}&#8221; sticky_enabled=&#8221;0&#8243;][\/et_pb_divider][\/et_pb_column][\/et_pb_row][et_pb_row use_custom_gutter=&#8221;on&#8221; _builder_version=&#8221;4.16&#8243; _module_preset=&#8221;default&#8221; locked=&#8221;off&#8221; global_colors_info=&#8221;{}&#8221;][et_pb_column type=&#8221;4_4&#8243; _builder_version=&#8221;4.16&#8243; _module_preset=&#8221;default&#8221; global_colors_info=&#8221;{}&#8221;][et_pb_accordion admin_label=&#8221;Open Job Positions&#8221; _builder_version=&#8221;4.27.0&#8243; _module_preset=&#8221;default&#8221; global_colors_info=&#8221;{}&#8221;][et_pb_accordion_item title=&#8221;Operador CNC&#8221; open=&#8221;on&#8221; _builder_version=&#8221;4.21.0&#8243; _module_preset=&#8221;default&#8221; global_colors_info=&#8221;{}&#8221;]<\/p>\n<table style=\"width: 100%; border-collapse: collapse;\" border=\"1\" cellspacing=\"10\" cellpadding=\"10\">\n<tbody>\n<tr>\n<td style=\"width: 100%;\">\n<p><strong>Descripci\u00f3n del puesto<\/strong><\/p>\n<ul>\n<li><strong>Categor\u00eda<\/strong>: Manufactura &#8211; Producci\u00f3n &#8211; Operaci\u00f3n.<\/li>\n<li><strong>Educaci\u00f3n m\u00ednima<\/strong>: T\u00e9cnico.<\/li>\n<\/ul>\n<\/td>\n<\/tr>\n<tr>\n<td style=\"width: 100%;\">\n<p><strong>Detalles<\/strong><\/p>\n<ul>\n<li>Contrataci\u00f3n: Permanente<\/li>\n<li>Horario: Tiempo completo<\/li>\n<li>Espacio de trabajo: Presencial<\/li>\n<\/ul>\n<\/td>\n<\/tr>\n<tr>\n<td style=\"width: 100%;\">\n<p>Requisitos del Puesto<\/p>\n<ul>\n<li>Disponibilidad para rolar turnos<\/li>\n<li>Edad m\u00ednima: 18 a\u00f1os<\/li>\n<li>Conocimientos:\n<ul>\n<li>Operaci\u00f3n en control Haas<\/li>\n<li>Conocimientos intermedio de programaci\u00f3n a pie de maquina<\/li>\n<li>Interpretaci\u00f3n de planos 2D Y 3D<\/li>\n<li>Matem\u00e1ticas b\u00e1sicas<\/li>\n<li>Afilado de brocas y cortadores<\/li>\n<li>Manejo equipo de medici\u00f3n<\/li>\n<li>Conocimientos de roscas<\/li>\n<li>Identificaci\u00f3n de procesos por tipo de material<\/li>\n<li>Conocimiento en CATIA V5<\/li>\n<li>Conocimientos de codigo G<\/li>\n<\/ul>\n<\/li>\n<li>Responsabilidades del puesto\n<ul>\n<li>Interpretaci\u00f3n de planos detallados de las pieza<\/li>\n<li>Control de maquinaria<\/li>\n<li>Instalaci\u00f3n y calibraci\u00f3n para los equipos y accesorios necesarios para la operaci\u00f3n<\/li>\n<li>Identificaci\u00f3n y montaje de herramientas seg\u00fan el proceso<\/li>\n<li>Inspecci\u00f3n y limpieza de m\u00e1quinas al t\u00e9rmino de cada turno de trabajo<\/li>\n<li>Llenado de registros de producci\u00f3n seg\u00fan apliquen<\/li>\n<li>Inspeccionar componentes con herramientas de medici\u00f3n y de precisi\u00f3n<\/li>\n<li>Detallado de piezas cuando aplique<\/li>\n<\/ul>\n<\/li>\n<\/ul>\n<\/td>\n<\/tr>\n<tr>\n<td style=\"width: 100%;\">\n<p><strong>Prestaciones y beneficios adicionales<\/strong><\/p>\n<ul>\n<li>Sueldo competitivo<\/li>\n<li>Prestaciones de ley<\/li>\n<li>Oportunidad de crecimiento<\/li>\n<\/ul>\n<\/td>\n<\/tr>\n<\/tbody>\n<\/table>\n<p>&nbsp;<\/p>\n<p>&nbsp;<\/p>\n<p>[\/et_pb_accordion_item][et_pb_accordion_item title=&#8221;CAE Engineer&#8221; _builder_version=&#8221;4.27.0&#8243; _module_preset=&#8221;default&#8221; global_colors_info=&#8221;{}&#8221; open=&#8221;off&#8221;]<\/p>\n<table style=\"width: 100%; border-collapse: collapse;\" border=\"1\" cellspacing=\"10\" cellpadding=\"10\">\n<tbody>\n<tr>\n<td style=\"width: 100%;\">\n<p><strong>About Job Position<\/strong><\/p>\n<ul>\n<li><strong>Category<\/strong>: R&amp;D, product structural integrity validation, simulation, FEA, CAE<\/li>\n<li><strong>Education: <\/strong>Bachelor&#8217;s or Master&#8217;s degree in Mechanical or Industrial Engineering with 1-2 years of simulation experience (structural preferred)<\/li>\n<\/ul>\n<\/td>\n<\/tr>\n<tr>\n<td style=\"width: 100%;\">\n<p><strong>Details<\/strong><\/p>\n<ul>\n<li>Working time: Full time<\/li>\n<li>Position type: Physical and\/or remote<\/li>\n<\/ul>\n<\/td>\n<\/tr>\n<tr>\n<td style=\"width: 100%;\">\n<p>Position Requirements<\/p>\n<ul>\n<li>Availability to travels<\/li>\n<li>Experience:\n<ul>\n<li>1-2 years in structural design in the auto industry<\/li>\n<li>Research &amp; Development\/Innovation<\/li>\n<li>Manufacturing process know-how.<\/li>\n<li>International collaboration experience<\/li>\n<li>Professional Certificate (Engineering degree)<\/li>\n<li>Use of one of the following CAD software:\n<ul>\n<li><a href=\"https:\/\/kimeca.com.mx\/index.php\/products\/dassault-systemes\/simulia\/\">SIMULIA<\/a> <a href=\"https:\/\/kimeca.com.mx\/index.php\/products\/dassault-systemes\/simulia\/abaqus-unified-fea\/\">Abaqus<\/a><\/li>\n<li>Ansys<\/li>\n<li>HymerWorks\/HyperMesh<\/li>\n<li>COMSOL<\/li>\n<li>I-DEAS<\/li>\n<li><a href=\"https:\/\/kimeca.com.mx\/index.php\/products\/dassault-systemes\/catia\/\">CATIA<\/a><\/li>\n<\/ul>\n<\/li>\n<li>Programming skills:\n<ul>\n<li>Fortran<\/li>\n<li>Python<\/li>\n<li>C, C++<\/li>\n<\/ul>\n<\/li>\n<li>3D Modeling and interpretation of FEA (Finite Element Analysis) results<\/li>\n<li>Interpretation of technical standards.<\/li>\n<li>General knowledge of:\n<ul>\n<li>Continuous Media Mechanics<\/li>\n<li>Mechanical Vibrations<\/li>\n<li>Heat Transfer<\/li>\n<li>Kinematics<\/li>\n<li>Units Systems<\/li>\n<li>Product Development<\/li>\n<\/ul>\n<\/li>\n<li>Matem\u00e1ticas b\u00e1sicas<\/li>\n<li>Good interpersonal and communication skills<\/li>\n<\/ul>\n<\/li>\n<li>Position responsibilities\n<ul>\n<li>Run structural simulations\/optimizations<\/li>\n<li>Technical report generation<\/li>\n<li>3D Conceptual design generation for structural components<\/li>\n<li>3D model constructions<\/li>\n<li>High-quality mesh generation<\/li>\n<li>Co-led the development of innovative design solutions for structural components using CAD\/CAE.<\/li>\n<li>Lead the DFMEA plan for structural components at scope. Conduct DFMEA\/QFD\/DFM Workshops with customers and suppliers<\/li>\n<li>Interpret and apply correct engineering standards to product design<\/li>\n<li>Conduct technological benchmarking of new materials and processes applicable to structural products.<\/li>\n<li>Provides technical training to customers<\/li>\n<li>Languages: Spanish \/ English<\/li>\n<\/ul>\n<\/li>\n<\/ul>\n<\/td>\n<\/tr>\n<\/tbody>\n<\/table>\n<p>&nbsp;<\/p>\n<p>&nbsp;<\/p>\n<p>[\/et_pb_accordion_item][\/et_pb_accordion][\/et_pb_column][\/et_pb_row][\/et_pb_section]<\/p>\n","protected":false},"excerpt":{"rendered":"<p>Kimeca Job Opportunities<\/p>\n","protected":false},"author":1,"featured_media":2896,"parent":0,"menu_order":0,"comment_status":"closed","ping_status":"closed","template":"","meta":{"_et_pb_use_builder":"on","_et_pb_old_content":"","_et_gb_content_width":"","footnotes":""},"class_list":["post-471","page","type-page","status-publish","has-post-thumbnail","hentry"],"_links":{"self":[{"href":"https:\/\/kimeca.com.mx\/index.php\/wp-json\/wp\/v2\/pages\/471","targetHints":{"allow":["GET"]}}],"collection":[{"href":"https:\/\/kimeca.com.mx\/index.php\/wp-json\/wp\/v2\/pages"}],"about":[{"href":"https:\/\/kimeca.com.mx\/index.php\/wp-json\/wp\/v2\/types\/page"}],"author":[{"embeddable":true,"href":"https:\/\/kimeca.com.mx\/index.php\/wp-json\/wp\/v2\/users\/1"}],"replies":[{"embeddable":true,"href":"https:\/\/kimeca.com.mx\/index.php\/wp-json\/wp\/v2\/comments?post=471"}],"version-history":[{"count":0,"href":"https:\/\/kimeca.com.mx\/index.php\/wp-json\/wp\/v2\/pages\/471\/revisions"}],"wp:featuredmedia":[{"embeddable":true,"href":"https:\/\/kimeca.com.mx\/index.php\/wp-json\/wp\/v2\/media\/2896"}],"wp:attachment":[{"href":"https:\/\/kimeca.com.mx\/index.php\/wp-json\/wp\/v2\/media?parent=471"}],"curies":[{"name":"wp","href":"https:\/\/api.w.org\/{rel}","templated":true}]}}